{"id":2079,"date":"2024-04-02T16:17:14","date_gmt":"2024-04-02T14:17:14","guid":{"rendered":"https:\/\/trauffer-group.ch\/?page_id=2079"},"modified":"2025-01-08T12:17:10","modified_gmt":"2025-01-08T11:17:10","slug":"systemloesungen","status":"publish","type":"page","link":"https:\/\/trauffer-group.ch\/fr\/systemloesungen\/","title":{"rendered":"Solutions syst\u00e8me"},"content":{"rendered":"<div data-elementor-type=\"wp-page\" data-elementor-id=\"2079\" class=\"elementor elementor-2079\" data-elementor-post-type=\"page\">\n\t\t\t\t\t\t<section class=\"elementor-section elementor-top-section elementor-element elementor-element-0e27049 elementor-section-height-min-height elementor-section-full_width elementor-section-height-default elementor-section-items-middle\" data-id=\"0e27049\" data-element_type=\"section\" data-e-type=\"section\" data-settings=\"{&quot;background_background&quot;:&quot;classic&quot;}\">\n\t\t\t\t\t\t\t<div class=\"elementor-background-overlay\"><\/div>\n\t\t\t\t\t\t\t<div class=\"elementor-container elementor-column-gap-no\">\n\t\t\t\t\t<div class=\"elementor-column elementor-col-100 elementor-top-column elementor-element elementor-element-35ecfdd\" data-id=\"35ecfdd\" data-element_type=\"column\" data-e-type=\"column\">\n\t\t\t<div class=\"elementor-widget-wrap elementor-element-populated\">\n\t\t\t\t\t\t<section class=\"elementor-section elementor-inner-section elementor-element elementor-element-524fd2d elementor-section-full_width elementor-section-content-bottom elementor-section-height-default elementor-section-height-default\" data-id=\"524fd2d\" data-element_type=\"section\" data-e-type=\"section\">\n\t\t\t\t\t\t<div class=\"elementor-container elementor-column-gap-no\">\n\t\t\t\t\t<div class=\"elementor-column elementor-col-50 elementor-inner-column elementor-element elementor-element-472c264\" data-id=\"472c264\" data-element_type=\"column\" data-e-type=\"column\">\n\t\t\t<div class=\"elementor-widget-wrap\">\n\t\t\t\t\t\t\t<\/div>\n\t\t<\/div>\n\t\t\t\t<div class=\"elementor-column elementor-col-50 elementor-inner-column elementor-element elementor-element-52bdba8\" data-id=\"52bdba8\" data-element_type=\"column\" data-e-type=\"column\" data-settings=\"{&quot;background_background&quot;:&quot;classic&quot;}\">\n\t\t\t<div class=\"elementor-widget-wrap elementor-element-populated\">\n\t\t\t\t<div class=\"elementor-element elementor-element-ee0da17 e-con-full e-flex e-con e-parent\" data-id=\"ee0da17\" data-element_type=\"container\" data-e-type=\"container\">\n\t\t<div class=\"elementor-element elementor-element-436b689 e-con-full e-flex e-con e-child\" data-id=\"436b689\" data-element_type=\"container\" data-e-type=\"container\">\n\t\t\t\t<div class=\"elementor-element elementor-element-c50f208 elementor-widget elementor-widget-heading\" data-id=\"c50f208\" data-element_type=\"widget\" data-e-type=\"widget\" data-widget_type=\"heading.default\">\n\t\t\t\t<div class=\"elementor-widget-container\">\n\t\t\t\t\t<h1 class=\"elementor-heading-title elementor-size-default\">Solutions syst\u00e8me<\/h1>\t\t\t\t<\/div>\n\t\t\t\t<\/div>\n\t\t\t\t<div class=\"elementor-element elementor-element-ca53982 elementor-widget elementor-widget-heading\" data-id=\"ca53982\" data-element_type=\"widget\" data-e-type=\"widget\" data-widget_type=\"heading.default\">\n\t\t\t\t<div class=\"elementor-widget-container\">\n\t\t\t\t\t<h2 class=\"elementor-heading-title elementor-size-default\">Logiquement avec nous<\/h2>\t\t\t\t<\/div>\n\t\t\t\t<\/div>\n\t\t\t\t<\/div>\n\t\t<div class=\"elementor-element elementor-element-f4f2b45 e-con-full e-flex e-con e-child\" data-id=\"f4f2b45\" data-element_type=\"container\" data-e-type=\"container\">\n\t\t\t\t<div class=\"elementor-element elementor-element-c130c6e elementor-widget elementor-widget-image\" data-id=\"c130c6e\" data-element_type=\"widget\" data-e-type=\"widget\" data-widget_type=\"image.default\">\n\t\t\t\t<div class=\"elementor-widget-container\">\n\t\t\t\t\t\t\t\t\t\t\t\t\t\t\t<img decoding=\"async\" width=\"228\" height=\"174\" data-src=\"https:\/\/trauffer-group.ch\/wp-content\/uploads\/2024\/05\/systemloesungen.png\" class=\"attachment-large size-large wp-image-2896 lazyload\" alt=\"\" src=\"data:image\/svg+xml;base64,PHN2ZyB3aWR0aD0iMSIgaGVpZ2h0PSIxIiB4bWxucz0iaHR0cDovL3d3dy53My5vcmcvMjAwMC9zdmciPjwvc3ZnPg==\" style=\"--smush-placeholder-width: 228px; --smush-placeholder-aspect-ratio: 228\/174;\" \/>\t\t\t\t\t\t\t\t\t\t\t\t\t\t\t<\/div>\n\t\t\t\t<\/div>\n\t\t\t\t<\/div>\n\t\t\t\t<\/div>\n\t\t\t\t<div class=\"elementor-element elementor-element-0a8c72b elementor-hidden-mobile elementor-widget elementor-widget-text-editor\" data-id=\"0a8c72b\" data-element_type=\"widget\" data-e-type=\"widget\" data-widget_type=\"text-editor.default\">\n\t\t\t\t<div class=\"elementor-widget-container\">\n\t\t\t\t\t\t\t\t\t<p><span style=\"color: #000000;\">Les solutions syst\u00e8me de Trauffer Group AG sont des offres de produits qui se composent de diff\u00e9rentes applications. Dans les solutions syst\u00e8me, vous trouverez des combinaisons de produits et des solutions particuli\u00e8res dans tous les domaines de notre offre.<\/span><\/p>\n<p><strong>Num\u00e9ro de service national gratuit 0800 10 00 10<\/strong><\/p>\t\t\t\t\t\t\t\t<\/div>\n\t\t\t\t<\/div>\n\t\t\t\t\t<\/div>\n\t\t<\/div>\n\t\t\t\t\t<\/div>\n\t\t<\/section>\n\t\t\t\t\t<\/div>\n\t\t<\/div>\n\t\t\t\t\t<\/div>\n\t\t<\/section>\n\t\t\t\t<section class=\"elementor-section elementor-top-section elementor-element elementor-element-0c2067e elementor-section-full_width elementor-section-height-default elementor-section-height-default\" data-id=\"0c2067e\" data-element_type=\"section\" data-e-type=\"section\">\n\t\t\t\t\t\t<div class=\"elementor-container elementor-column-gap-no\">\n\t\t\t\t\t<div class=\"elementor-column elementor-col-100 elementor-top-column elementor-element elementor-element-db9689a\" data-id=\"db9689a\" data-element_type=\"column\" data-e-type=\"column\">\n\t\t\t<div class=\"elementor-widget-wrap elementor-element-populated\">\n\t\t\t\t\t\t<div class=\"elementor-element elementor-element-1a03539 elementor-widget elementor-widget-text-editor\" data-id=\"1a03539\" data-element_type=\"widget\" data-e-type=\"widget\" data-widget_type=\"text-editor.default\">\n\t\t\t\t<div class=\"elementor-widget-container\">\n\t\t\t\t\t\t\t\t\t<p>Le segment des solutions syst\u00e8me couvre un large \u00e9ventail de produits et de possibilit\u00e9s d'application. Vous y trouverez des particularit\u00e9s telles que le\u00a0<a title=\"Pieu de fondation Ferradix\" href=\"https:\/\/trauffer-group.ch\/fr\/systemloesungen\/fundamentpfahl-ferradix\/\">\"Piquet de fondation Ferradix\u00ae\"<\/a>Il s'agit de la solution id\u00e9ale pour r\u00e9pondre \u00e0 diff\u00e9rentes exigences. Une visite aux solutions syst\u00e8me du Trauffer Group AG vaut toujours la peine, car l'offre de produits est constamment \u00e9largie. Et si vous ne trouvez pas ce que vous cherchez ou si vous avez un besoin que nous ne couvrons pas avec l'offre existante, n'h\u00e9sitez pas \u00e0 nous contacter.\u00a0<a href=\"mailto:info@trauffer-group.ch\" target=\"_blank\" rel=\"noopener\">Prise de contact<\/a>.<\/p>\t\t\t\t\t\t\t\t<\/div>\n\t\t\t\t<\/div>\n\t\t\t\t<div class=\"elementor-element elementor-element-4e17dd1 elementor-widget elementor-widget-heading\" data-id=\"4e17dd1\" data-element_type=\"widget\" data-e-type=\"widget\" data-widget_type=\"heading.default\">\n\t\t\t\t<div class=\"elementor-widget-container\">\n\t\t\t\t\t<h3 class=\"elementor-heading-title elementor-size-default\">Utilisateurs &amp; possibilit\u00e9s d'application\n<\/h3>\t\t\t\t<\/div>\n\t\t\t\t<\/div>\n\t\t\t\t<div class=\"elementor-element elementor-element-9432498 elementor-widget elementor-widget-text-editor\" data-id=\"9432498\" data-element_type=\"widget\" data-e-type=\"widget\" data-widget_type=\"text-editor.default\">\n\t\t\t\t<div class=\"elementor-widget-container\">\n\t\t\t\t\t\t\t\t\t<div class=\"ce_text block\"><p>Les offres de produits au sein des solutions syst\u00e8me s'adressent \u00e0 ceux qui recherchent des solutions ou des combinaisons de produits particuli\u00e8res :<br \/>Conf\u00e9d\u00e9ration, cantons, communes, villes, soci\u00e9t\u00e9s priv\u00e9es, groupes, PME, clubs, associations et particuliers.<\/p><div class=\"ce_text block\"><p>Les possibilit\u00e9s d'application d\u00e9pendent du produit et sont indiqu\u00e9es pour chaque produit. Il en va de m\u00eame pour les objets de r\u00e9f\u00e9rence.<\/p><\/div><\/div>\t\t\t\t\t\t\t\t<\/div>\n\t\t\t\t<\/div>\n\t\t\t\t\t<\/div>\n\t\t<\/div>\n\t\t\t\t\t<\/div>\n\t\t<\/section>\n\t\t\t\t<section class=\"elementor-section elementor-top-section elementor-element elementor-element-16c96ee elementor-section-full_width elementor-section-content-middle elementor-section-height-default elementor-section-height-default\" data-id=\"16c96ee\" data-element_type=\"section\" data-e-type=\"section\">\n\t\t\t\t\t\t<div class=\"elementor-container elementor-column-gap-default\">\n\t\t\t\t\t<div class=\"elementor-column elementor-col-50 elementor-top-column elementor-element elementor-element-b5f6dd1\" data-id=\"b5f6dd1\" data-element_type=\"column\" data-e-type=\"column\" data-settings=\"{&quot;background_background&quot;:&quot;classic&quot;}\">\n\t\t\t<div class=\"elementor-widget-wrap elementor-element-populated\">\n\t\t\t\t\t\t<section class=\"elementor-section elementor-inner-section elementor-element elementor-element-789207b elementor-section-boxed elementor-section-height-default elementor-section-height-default\" data-id=\"789207b\" data-element_type=\"section\" data-e-type=\"section\">\n\t\t\t\t\t\t<div class=\"elementor-container elementor-column-gap-default\">\n\t\t\t\t\t<div class=\"elementor-column elementor-col-100 elementor-inner-column elementor-element elementor-element-8d9e728\" data-id=\"8d9e728\" data-element_type=\"column\" data-e-type=\"column\" data-settings=\"{&quot;background_background&quot;:&quot;classic&quot;}\">\n\t\t\t<div class=\"elementor-widget-wrap elementor-element-populated\">\n\t\t\t\t\t\t<div class=\"elementor-element elementor-element-d60dce4 elementor-widget elementor-widget-heading\" data-id=\"d60dce4\" data-element_type=\"widget\" data-e-type=\"widget\" data-widget_type=\"heading.default\">\n\t\t\t\t<div class=\"elementor-widget-container\">\n\t\t\t\t\t<h2 class=\"elementor-heading-title elementor-size-default\">Speeddisplay<\/h2>\t\t\t\t<\/div>\n\t\t\t\t<\/div>\n\t\t\t\t<div class=\"elementor-element elementor-element-fd5da94 elementor-widget elementor-widget-text-editor\" data-id=\"fd5da94\" data-element_type=\"widget\" data-e-type=\"widget\" data-widget_type=\"text-editor.default\">\n\t\t\t\t<div class=\"elementor-widget-container\">\n\t\t\t\t\t\t\t\t\t<p>Nous les connaissons tous, ces panneaux d'information au bord des routes qui nous indiquent \u00e0 quelle vitesse nous roulons. Ou les appareils de comptage du trafic qui fournissent aux planificateurs du trafic des informations utiles sur les heures de pointe et le nombre de v\u00e9hicules ...<\/p><p>Les panneaux indicateurs de vitesse de Labtec SAFETY peuvent \u00eatre facilement modifi\u00e9s pour les applications les plus diverses - nous pouvons r\u00e9aliser sans grand effort des fabrications sp\u00e9ciales optimis\u00e9es individuellement pour votre domaine d'application sp\u00e9cifique. Que vous utilisiez des mod\u00e8les plus petits pour le trafic urbain ou que vous souhaitiez garantir une visibilit\u00e9 optimale m\u00eame \u00e0 grande vitesse avec des solutions plus grandes, Labtec SAFETY fournit des syst\u00e8mes qui convainquent \u00e0 la fois par leur efficacit\u00e9 et leur efficience. Votre avantage : les produits de Labtec SAFETY sont d\u00e9velopp\u00e9s sur la base de longues ann\u00e9es d'exp\u00e9rience pratique. Vous profitez de solutions bien pens\u00e9es et flexibles de la meilleure qualit\u00e9 - avec une technique de haute pr\u00e9cision dans des bo\u00eetiers robustes qui r\u00e9sistent \u00e0 toutes les situations m\u00e9t\u00e9orologiques.<\/p>\t\t\t\t\t\t\t\t<\/div>\n\t\t\t\t<\/div>\n\t\t\t\t<div class=\"elementor-element elementor-element-799fc12 elementor-align-center elementor-widget elementor-widget-button\" data-id=\"799fc12\" data-element_type=\"widget\" data-e-type=\"widget\" data-widget_type=\"button.default\">\n\t\t\t\t<div class=\"elementor-widget-container\">\n\t\t\t\t\t\t\t\t\t<div class=\"elementor-button-wrapper\">\n\t\t\t\t\t<a class=\"elementor-button elementor-button-link elementor-size-sm\" href=\"https:\/\/trauffer-group.ch\/wp-content\/uploads\/2024\/04\/Speeddisplay_Flyer_TRAUFFER_Einzelseiten.pdf\" target=\"_blank\">\n\t\t\t\t\t\t<span class=\"elementor-button-content-wrapper\">\n\t\t\t\t\t\t\t\t\t<span class=\"elementor-button-text\">D\u00e9pliant Speeddisplay<\/span>\n\t\t\t\t\t<\/span>\n\t\t\t\t\t<\/a>\n\t\t\t\t<\/div>\n\t\t\t\t\t\t\t\t<\/div>\n\t\t\t\t<\/div>\n\t\t\t\t\t<\/div>\n\t\t<\/div>\n\t\t\t\t\t<\/div>\n\t\t<\/section>\n\t\t\t\t\t<\/div>\n\t\t<\/div>\n\t\t\t\t<div class=\"elementor-column elementor-col-50 elementor-top-column elementor-element elementor-element-5577f9a\" data-id=\"5577f9a\" data-element_type=\"column\" data-e-type=\"column\" data-settings=\"{&quot;background_background&quot;:&quot;classic&quot;}\">\n\t\t\t<div class=\"elementor-widget-wrap elementor-element-populated\">\n\t\t\t\t\t\t<div class=\"elementor-element elementor-element-158b2b2 elementor-widget elementor-widget-spacer\" data-id=\"158b2b2\" data-element_type=\"widget\" data-e-type=\"widget\" data-widget_type=\"spacer.default\">\n\t\t\t\t<div class=\"elementor-widget-container\">\n\t\t\t\t\t\t\t<div class=\"elementor-spacer\">\n\t\t\t<div class=\"elementor-spacer-inner\"><\/div>\n\t\t<\/div>\n\t\t\t\t\t\t<\/div>\n\t\t\t\t<\/div>\n\t\t\t\t\t<\/div>\n\t\t<\/div>\n\t\t\t\t\t<\/div>\n\t\t<\/section>\n\t\t\t\t<section class=\"elementor-section elementor-top-section elementor-element elementor-element-6affaad elementor-section-full_width elementor-section-height-default elementor-section-height-default\" data-id=\"6affaad\" data-element_type=\"section\" data-e-type=\"section\">\n\t\t\t\t\t\t<div class=\"elementor-container elementor-column-gap-no\">\n\t\t\t\t\t<div class=\"elementor-column elementor-col-100 elementor-top-column elementor-element elementor-element-0b4ea34\" data-id=\"0b4ea34\" data-element_type=\"column\" data-e-type=\"column\">\n\t\t\t<div class=\"elementor-widget-wrap elementor-element-populated\">\n\t\t\t\t\t\t<div class=\"elementor-element elementor-element-7c856a3 elementor-widget elementor-widget-heading\" data-id=\"7c856a3\" data-element_type=\"widget\" data-e-type=\"widget\" data-widget_type=\"heading.default\">\n\t\t\t\t<div class=\"elementor-widget-container\">\n\t\t\t\t\t<h2 class=\"elementor-heading-title elementor-size-default\">Des questions ?<\/h2>\t\t\t\t<\/div>\n\t\t\t\t<\/div>\n\t\t\t\t<div class=\"elementor-element elementor-element-7f173e1 elementor-widget elementor-widget-text-editor\" data-id=\"7f173e1\" data-element_type=\"widget\" data-e-type=\"widget\" data-widget_type=\"text-editor.default\">\n\t\t\t\t<div class=\"elementor-widget-container\">\n\t\t\t\t\t\t\t\t\t<p>Nous sommes heureux d'avoir \u00e9veill\u00e9 votre int\u00e9r\u00eat. Notre \u00e9quipe comp\u00e9tente se fera un plaisir de vous aider. Nous nous ferons un plaisir de vous conseiller et de vous aider. Vous pouvez nous contacter au num\u00e9ro de service national gratuit <a href=\"tel:0800 10 00 10\">0800 10 00 10<\/a> ou par e-mail sur <a href=\"mailto:info@trauffer-group.ch\">info@trauffer-group.ch<\/a> contacter.<\/p>\t\t\t\t\t\t\t\t<\/div>\n\t\t\t\t<\/div>\n\t\t\t\t<div class=\"elementor-element elementor-element-487c529 elementor-align-center elementor-widget elementor-widget-button\" data-id=\"487c529\" data-element_type=\"widget\" data-e-type=\"widget\" data-widget_type=\"button.default\">\n\t\t\t\t<div class=\"elementor-widget-container\">\n\t\t\t\t\t\t\t\t\t<div class=\"elementor-button-wrapper\">\n\t\t\t\t\t<a class=\"elementor-button elementor-button-link elementor-size-sm\" href=\"https:\/\/trauffer-group.ch\/fr\/kontakt\/\">\n\t\t\t\t\t\t<span class=\"elementor-button-content-wrapper\">\n\t\t\t\t\t\t\t\t\t<span class=\"elementor-button-text\">Contactez-nous<\/span>\n\t\t\t\t\t<\/span>\n\t\t\t\t\t<\/a>\n\t\t\t\t<\/div>\n\t\t\t\t\t\t\t\t<\/div>\n\t\t\t\t<\/div>\n\t\t\t\t\t<\/div>\n\t\t<\/div>\n\t\t\t\t\t<\/div>\n\t\t<\/section>\n\t\t\t\t<\/div>","protected":false},"excerpt":{"rendered":"<p>Systeml\u00f6sungen Logisch mit uns Bei den Systeml\u00f6sungen der Trauffer Group AG handelt es sich um Produktangebote, die sich aus verschiedenen Anwendungen zusammensetzen. In den Systeml\u00f6sungen finden Sie besondere Produktkombinationen und L\u00f6sungen aus allen Bereichen unseres Angebots. Kostenlose nationale Servicenummer 0800 10 00 10 Das Segment der Systeml\u00f6sungen deckt ein breites Spektrum an Produkten und Anwendungsm\u00f6glichkeiten [&hellip;]<\/p>\n","protected":false},"author":2,"featured_media":0,"parent":0,"menu_order":0,"comment_status":"closed","ping_status":"closed","template":"","meta":{"footnotes":""},"class_list":["post-2079","page","type-page","status-publish","hentry"],"_links":{"self":[{"href":"https:\/\/trauffer-group.ch\/fr\/wp-json\/wp\/v2\/pages\/2079","targetHints":{"allow":["GET"]}}],"collection":[{"href":"https:\/\/trauffer-group.ch\/fr\/wp-json\/wp\/v2\/pages"}],"about":[{"href":"https:\/\/trauffer-group.ch\/fr\/wp-json\/wp\/v2\/types\/page"}],"author":[{"embeddable":true,"href":"https:\/\/trauffer-group.ch\/fr\/wp-json\/wp\/v2\/users\/2"}],"replies":[{"embeddable":true,"href":"https:\/\/trauffer-group.ch\/fr\/wp-json\/wp\/v2\/comments?post=2079"}],"version-history":[{"count":0,"href":"https:\/\/trauffer-group.ch\/fr\/wp-json\/wp\/v2\/pages\/2079\/revisions"}],"wp:attachment":[{"href":"https:\/\/trauffer-group.ch\/fr\/wp-json\/wp\/v2\/media?parent=2079"}],"curies":[{"name":"wp","href":"https:\/\/api.w.org\/{rel}","templated":true}]}}