{"id":2134,"date":"2024-04-03T08:03:38","date_gmt":"2024-04-03T06:03:38","guid":{"rendered":"https:\/\/trauffer-group.ch\/?page_id=2134"},"modified":"2025-01-08T12:15:35","modified_gmt":"2025-01-08T11:15:35","slug":"tragkonstruktionen","status":"publish","type":"page","link":"https:\/\/trauffer-group.ch\/de\/signalisation\/tragkonstruktionen\/","title":{"rendered":"Tragkonstruktionen"},"content":{"rendered":"\t\t<div data-elementor-type=\"wp-page\" data-elementor-id=\"2134\" class=\"elementor elementor-2134\" data-elementor-post-type=\"page\">\n\t\t\t\t\t\t<section class=\"elementor-section elementor-top-section elementor-element elementor-element-da38d4a elementor-section-height-min-height elementor-section-full_width elementor-section-height-default elementor-section-items-middle\" data-id=\"da38d4a\" data-element_type=\"section\" data-e-type=\"section\" data-settings=\"{&quot;background_background&quot;:&quot;classic&quot;}\">\n\t\t\t\t\t\t\t<div class=\"elementor-background-overlay\"><\/div>\n\t\t\t\t\t\t\t<div class=\"elementor-container elementor-column-gap-no\">\n\t\t\t\t\t<div class=\"elementor-column elementor-col-100 elementor-top-column elementor-element elementor-element-c12a1f4\" data-id=\"c12a1f4\" data-element_type=\"column\" data-e-type=\"column\">\n\t\t\t<div class=\"elementor-widget-wrap elementor-element-populated\">\n\t\t\t\t\t\t<section class=\"elementor-section elementor-inner-section elementor-element elementor-element-d245699 elementor-section-full_width elementor-section-content-bottom elementor-section-height-default elementor-section-height-default\" data-id=\"d245699\" data-element_type=\"section\" data-e-type=\"section\">\n\t\t\t\t\t\t<div class=\"elementor-container elementor-column-gap-no\">\n\t\t\t\t\t<div class=\"elementor-column elementor-col-50 elementor-inner-column elementor-element elementor-element-429baaa elementor-hidden-desktop elementor-hidden-tablet\" data-id=\"429baaa\" data-element_type=\"column\" data-e-type=\"column\">\n\t\t\t<div class=\"elementor-widget-wrap\">\n\t\t\t\t\t\t\t<\/div>\n\t\t<\/div>\n\t\t\t\t<div class=\"elementor-column elementor-col-50 elementor-inner-column elementor-element elementor-element-54fe178\" data-id=\"54fe178\" data-element_type=\"column\" data-e-type=\"column\" data-settings=\"{&quot;background_background&quot;:&quot;classic&quot;}\">\n\t\t\t<div class=\"elementor-widget-wrap elementor-element-populated\">\n\t\t\t\t<div class=\"elementor-element elementor-element-174d36e e-con-full e-flex e-con e-parent\" data-id=\"174d36e\" data-element_type=\"container\" data-e-type=\"container\">\n\t\t<div class=\"elementor-element elementor-element-fc14b8f e-con-full e-flex e-con e-child\" data-id=\"fc14b8f\" data-element_type=\"container\" data-e-type=\"container\">\n\t\t\t\t<div class=\"elementor-element elementor-element-4d1b760 elementor-widget elementor-widget-heading\" data-id=\"4d1b760\" data-element_type=\"widget\" data-e-type=\"widget\" data-widget_type=\"heading.default\">\n\t\t\t\t<div class=\"elementor-widget-container\">\n\t\t\t\t\t<h2 class=\"elementor-heading-title elementor-size-default\">Tragkonstruktionen<\/h2>\t\t\t\t<\/div>\n\t\t\t\t<\/div>\n\t\t\t\t<div class=\"elementor-element elementor-element-917777c elementor-widget elementor-widget-heading\" data-id=\"917777c\" data-element_type=\"widget\" data-e-type=\"widget\" data-widget_type=\"heading.default\">\n\t\t\t\t<div class=\"elementor-widget-container\">\n\t\t\t\t\t<h2 class=\"elementor-heading-title elementor-size-default\">Befestigungen und Fundamente <br>f\u00fcr jede Umgebung<\/h2>\t\t\t\t<\/div>\n\t\t\t\t<\/div>\n\t\t\t\t<\/div>\n\t\t<div class=\"elementor-element elementor-element-cfefcc7 e-con-full e-flex e-con e-child\" data-id=\"cfefcc7\" data-element_type=\"container\" data-e-type=\"container\">\n\t\t\t\t<div class=\"elementor-element elementor-element-3669aa3 elementor-widget elementor-widget-image\" data-id=\"3669aa3\" data-element_type=\"widget\" data-e-type=\"widget\" data-widget_type=\"image.default\">\n\t\t\t\t<div class=\"elementor-widget-container\">\n\t\t\t\t\t\t\t\t\t\t\t\t\t\t\t<img decoding=\"async\" width=\"227\" height=\"174\" data-src=\"https:\/\/trauffer-group.ch\/wp-content\/uploads\/2024\/10\/Bildschirmfoto-2024-10-04-um-10.43.29-e1728031448127.png\" class=\"attachment-large size-large wp-image-3563 lazyload\" alt=\"\" data-srcset=\"https:\/\/trauffer-group.ch\/wp-content\/uploads\/2024\/10\/Bildschirmfoto-2024-10-04-um-10.43.29-e1728031448127.png 227w, https:\/\/trauffer-group.ch\/wp-content\/uploads\/2024\/10\/Bildschirmfoto-2024-10-04-um-10.43.29-e1728031448127-16x12.png 16w\" data-sizes=\"(max-width: 227px) 100vw, 227px\" src=\"data:image\/svg+xml;base64,PHN2ZyB3aWR0aD0iMSIgaGVpZ2h0PSIxIiB4bWxucz0iaHR0cDovL3d3dy53My5vcmcvMjAwMC9zdmciPjwvc3ZnPg==\" style=\"--smush-placeholder-width: 227px; --smush-placeholder-aspect-ratio: 227\/174;\" \/>\t\t\t\t\t\t\t\t\t\t\t\t\t\t\t<\/div>\n\t\t\t\t<\/div>\n\t\t\t\t<\/div>\n\t\t\t\t<\/div>\n\t\t\t\t<div class=\"elementor-element elementor-element-1131647 elementor-hidden-mobile elementor-widget elementor-widget-text-editor\" data-id=\"1131647\" data-element_type=\"widget\" data-e-type=\"widget\" data-widget_type=\"text-editor.default\">\n\t\t\t\t<div class=\"elementor-widget-container\">\n\t\t\t\t\t\t\t\t\t<p><span style=\"color: #000000;\">Im Folgenden stellen wir Ihnen unsere Produkte in den Bereichen Tragkonstruktionen und Befestigungen vor. Sie haben eine Vielzahl von M\u00f6glichkeiten f\u00fcr die hochwertige und langlebige Befestigung von Schildern und Tafeln f\u00fcr jede Umgebung.<\/span><\/p><p><strong>Kostenlose nationale Servicenummer 0800 10 00 10<\/strong><\/p>\t\t\t\t\t\t\t\t<\/div>\n\t\t\t\t<\/div>\n\t\t\t\t\t<\/div>\n\t\t<\/div>\n\t\t\t\t\t<\/div>\n\t\t<\/section>\n\t\t\t\t\t<\/div>\n\t\t<\/div>\n\t\t\t\t\t<\/div>\n\t\t<\/section>\n\t\t\t\t<section class=\"elementor-section elementor-top-section elementor-element elementor-element-3be39cb elementor-section-full_width elementor-section-height-default elementor-section-height-default\" data-id=\"3be39cb\" data-element_type=\"section\" data-e-type=\"section\">\n\t\t\t\t\t\t<div class=\"elementor-container elementor-column-gap-no\">\n\t\t\t\t\t<div class=\"elementor-column elementor-col-100 elementor-top-column elementor-element elementor-element-bf0d935\" data-id=\"bf0d935\" data-element_type=\"column\" data-e-type=\"column\">\n\t\t\t<div class=\"elementor-widget-wrap elementor-element-populated\">\n\t\t\t\t\t\t<div class=\"elementor-element elementor-element-2e24895 elementor-widget elementor-widget-text-editor\" data-id=\"2e24895\" data-element_type=\"widget\" data-e-type=\"widget\" data-widget_type=\"text-editor.default\">\n\t\t\t\t<div class=\"elementor-widget-container\">\n\t\t\t\t\t\t\t\t\t<p>An dieser Stelle m\u00f6chten wir Sie auf unseren\u00a0<a title=\"Fundamentpfahl Ferradix\u00ae\" href=\"https:\/\/trauffer-group.ch\/systemloesungen\/fundamentpfahl-ferradix\/\">Fundamentpfahl Ferradix\u00ae<\/a> aufmerksam machen. Er steht f\u00fcr die perfekte L\u00f6sung f\u00fcr die Verankerung von z. B. Tragkonstruktionen f\u00fcr Schilder, Tafeln sowie von Pfosten und Z\u00e4unen.\u00a0<\/p><p>Die Montage ist einfach und kann wahlweise durch unser Fachpersonal oder direkt durch Sie ausgef\u00fchrt werden. Entsprechendes Ger\u00e4t kann ebenfalls \u00fcber die Trauffer Group AG bezogen werden.\u00a0<\/p><p>Korrekt geplante und ausgef\u00fchrte Markierungen f\u00f6rdern die Verkehrssicherheit, dienen der Verkehrsf\u00fchrung, unterst\u00fctzen Vorfahrtsregelungen und schaffen wichtige Orientierungshilfen im Verkehr, Letzteres oft in Verbindung mit <a title=\"Signalisation - Wegweisend mit uns.\" href=\"https:\/\/trauffer-group.ch\/signalisation\/signale\/\" target=\"_blank\" rel=\"noopener\">Signalen<\/a>.<\/p>\t\t\t\t\t\t\t\t<\/div>\n\t\t\t\t<\/div>\n\t\t\t\t\t<\/div>\n\t\t<\/div>\n\t\t\t\t\t<\/div>\n\t\t<\/section>\n\t\t\t\t<section class=\"elementor-section elementor-top-section elementor-element elementor-element-8cc6d63 elementor-section-full_width elementor-section-content-middle elementor-section-height-default elementor-section-height-default\" data-id=\"8cc6d63\" data-element_type=\"section\" data-e-type=\"section\">\n\t\t\t\t\t\t<div class=\"elementor-container elementor-column-gap-default\">\n\t\t\t\t\t<div class=\"elementor-column elementor-col-50 elementor-top-column elementor-element elementor-element-9b9d504\" data-id=\"9b9d504\" data-element_type=\"column\" data-e-type=\"column\" data-settings=\"{&quot;background_background&quot;:&quot;classic&quot;}\">\n\t\t\t<div class=\"elementor-widget-wrap elementor-element-populated\">\n\t\t\t\t\t\t<section class=\"elementor-section elementor-inner-section elementor-element elementor-element-0c64be3 elementor-section-boxed elementor-section-height-default elementor-section-height-default\" data-id=\"0c64be3\" data-element_type=\"section\" data-e-type=\"section\">\n\t\t\t\t\t\t<div class=\"elementor-container elementor-column-gap-default\">\n\t\t\t\t\t<div class=\"elementor-column elementor-col-100 elementor-inner-column elementor-element elementor-element-6562f3e\" data-id=\"6562f3e\" data-element_type=\"column\" data-e-type=\"column\" data-settings=\"{&quot;background_background&quot;:&quot;classic&quot;}\">\n\t\t\t<div class=\"elementor-widget-wrap elementor-element-populated\">\n\t\t\t\t\t\t<div class=\"elementor-element elementor-element-014f90d elementor-widget elementor-widget-heading\" data-id=\"014f90d\" data-element_type=\"widget\" data-e-type=\"widget\" data-widget_type=\"heading.default\">\n\t\t\t\t<div class=\"elementor-widget-container\">\n\t\t\t\t\t<h2 class=\"elementor-heading-title elementor-size-default\">Technische Info Tragkonstruktionen<\/h2>\t\t\t\t<\/div>\n\t\t\t\t<\/div>\n\t\t\t\t<div class=\"elementor-element elementor-element-6b66141 elementor-widget elementor-widget-text-editor\" data-id=\"6b66141\" data-element_type=\"widget\" data-e-type=\"widget\" data-widget_type=\"text-editor.default\">\n\t\t\t\t<div class=\"elementor-widget-container\">\n\t\t\t\t\t\t\t\t\t<p>Material<\/p><ul style=\"margin-top: -5px;\"><li>Stahl<\/li><\/ul><p><br \/>Oberfl\u00e4che<\/p><ul style=\"margin-top: -5px;\"><li>Feuerverzinkt<\/li><\/ul><p><br \/>Mehrpreis<\/p><ul style=\"margin-top: -5px;\"><li>Befestigungen feuerverzinkt und wahlweise in RAL lackiert oder pulverbeschichtet.<\/li><\/ul>\t\t\t\t\t\t\t\t<\/div>\n\t\t\t\t<\/div>\n\t\t\t\t<div class=\"elementor-element elementor-element-997eafe elementor-widget elementor-widget-heading\" data-id=\"997eafe\" data-element_type=\"widget\" data-e-type=\"widget\" data-widget_type=\"heading.default\">\n\t\t\t\t<div class=\"elementor-widget-container\">\n\t\t\t\t\t<h3 class=\"elementor-heading-title elementor-size-default\">Technische Info Befestigungen<\/h3>\t\t\t\t<\/div>\n\t\t\t\t<\/div>\n\t\t\t\t<div class=\"elementor-element elementor-element-bbb3dd8 elementor-widget elementor-widget-text-editor\" data-id=\"bbb3dd8\" data-element_type=\"widget\" data-e-type=\"widget\" data-widget_type=\"text-editor.default\">\n\t\t\t\t<div class=\"elementor-widget-container\">\n\t\t\t\t\t\t\t\t\t<p>Material<\/p><ul style=\"margin-top: -5px;\"><li>Stahl<\/li><\/ul><p><br \/>Oberfl\u00e4che<\/p><ul style=\"margin-top: -5px;\"><li>Feuerverzinkt<\/li><\/ul><p><br \/>Mehrpreis<\/p><ul style=\"margin-top: -5px;\"><li>Befestigungen feuerverzinkt und wahlweise in RAL lackiert oder pulverbeschichtet.<\/li><\/ul><p><br \/>Schraubenmaterial<\/p><ul style=\"margin-top: -5px;\"><li>Rostfreier Stahl<\/li><\/ul>\t\t\t\t\t\t\t\t<\/div>\n\t\t\t\t<\/div>\n\t\t\t\t\t<\/div>\n\t\t<\/div>\n\t\t\t\t\t<\/div>\n\t\t<\/section>\n\t\t\t\t\t<\/div>\n\t\t<\/div>\n\t\t\t\t<div class=\"elementor-column elementor-col-50 elementor-top-column elementor-element elementor-element-e4419be\" data-id=\"e4419be\" data-element_type=\"column\" data-e-type=\"column\" data-settings=\"{&quot;background_background&quot;:&quot;classic&quot;}\">\n\t\t\t<div class=\"elementor-widget-wrap elementor-element-populated\">\n\t\t\t\t\t\t<div class=\"elementor-element elementor-element-d7ab9d0 elementor-widget elementor-widget-spacer\" data-id=\"d7ab9d0\" data-element_type=\"widget\" data-e-type=\"widget\" data-widget_type=\"spacer.default\">\n\t\t\t\t<div class=\"elementor-widget-container\">\n\t\t\t\t\t\t\t<div class=\"elementor-spacer\">\n\t\t\t<div class=\"elementor-spacer-inner\"><\/div>\n\t\t<\/div>\n\t\t\t\t\t\t<\/div>\n\t\t\t\t<\/div>\n\t\t\t\t\t<\/div>\n\t\t<\/div>\n\t\t\t\t\t<\/div>\n\t\t<\/section>\n\t\t\t\t<section class=\"elementor-section elementor-top-section elementor-element elementor-element-1a5a27c elementor-section-full_width elementor-section-height-default elementor-section-height-default\" data-id=\"1a5a27c\" data-element_type=\"section\" data-e-type=\"section\">\n\t\t\t\t\t\t<div class=\"elementor-container elementor-column-gap-no\">\n\t\t\t\t\t<div class=\"elementor-column elementor-col-100 elementor-top-column elementor-element elementor-element-575df6e\" data-id=\"575df6e\" data-element_type=\"column\" data-e-type=\"column\">\n\t\t\t<div class=\"elementor-widget-wrap elementor-element-populated\">\n\t\t\t\t\t\t<div class=\"elementor-element elementor-element-aeda760 elementor-widget elementor-widget-heading\" data-id=\"aeda760\" data-element_type=\"widget\" data-e-type=\"widget\" data-widget_type=\"heading.default\">\n\t\t\t\t<div class=\"elementor-widget-container\">\n\t\t\t\t\t<h2 class=\"elementor-heading-title elementor-size-default\">Noch Fragen?<\/h2>\t\t\t\t<\/div>\n\t\t\t\t<\/div>\n\t\t\t\t<div class=\"elementor-element elementor-element-5334823 elementor-widget elementor-widget-text-editor\" data-id=\"5334823\" data-element_type=\"widget\" data-e-type=\"widget\" data-widget_type=\"text-editor.default\">\n\t\t\t\t<div class=\"elementor-widget-container\">\n\t\t\t\t\t\t\t\t\t<div class=\"ce_text block\"><p>Nehmen Sie Kontakt mit uns auf, gerne beraten wir Sie \u00fcber die Vorteile des schnell montierten, best\u00e4ndigen, vielseitigen und praktischen\u00a0<a title=\"Fundamentpfahl Ferradix\u00ae\" href=\"https:\/\/trauffer-group.ch\/systemloesungen\/fundamentpfahl-ferradix\/\">Fundamentpfahls Ferradix\u00ae<\/a>, unsere Tragkonstruktionen und Schilder.<br \/>Benutzen Sie unsere\u00a0kostenlose nationale Servicenummer <a href=\"tel:0800 10 00 10\">0800 10 00 10<\/a>\u00a0oder senden Sie uns eine E-Mail auf\u00a0<a class=\"email\" href=\"mailto:info@trauffer-group.ch\">info@trauffer-group.ch<\/a>.<\/p><\/div>\t\t\t\t\t\t\t\t<\/div>\n\t\t\t\t<\/div>\n\t\t\t\t<div class=\"elementor-element elementor-element-2dfa0e5 elementor-align-center elementor-widget elementor-widget-button\" data-id=\"2dfa0e5\" data-element_type=\"widget\" data-e-type=\"widget\" data-widget_type=\"button.default\">\n\t\t\t\t<div class=\"elementor-widget-container\">\n\t\t\t\t\t\t\t\t\t<div class=\"elementor-button-wrapper\">\n\t\t\t\t\t<a class=\"elementor-button elementor-button-link elementor-size-sm\" href=\"https:\/\/trauffer-group.ch\/kontakt\/\">\n\t\t\t\t\t\t<span class=\"elementor-button-content-wrapper\">\n\t\t\t\t\t\t\t\t\t<span class=\"elementor-button-text\">Kontaktieren Sie uns<\/span>\n\t\t\t\t\t<\/span>\n\t\t\t\t\t<\/a>\n\t\t\t\t<\/div>\n\t\t\t\t\t\t\t\t<\/div>\n\t\t\t\t<\/div>\n\t\t\t\t\t<\/div>\n\t\t<\/div>\n\t\t\t\t\t<\/div>\n\t\t<\/section>\n\t\t\t\t<\/div>\n\t\t","protected":false},"excerpt":{"rendered":"<p>Tragkonstruktionen Befestigungen und Fundamente f\u00fcr jede Umgebung Im Folgenden stellen wir Ihnen unsere Produkte in den Bereichen Tragkonstruktionen und Befestigungen vor. Sie haben eine Vielzahl von M\u00f6glichkeiten f\u00fcr die hochwertige und langlebige Befestigung von Schildern und Tafeln f\u00fcr jede Umgebung. Kostenlose nationale Servicenummer 0800 10 00 10 An dieser Stelle m\u00f6chten wir Sie auf unseren\u00a0Fundamentpfahl [&hellip;]<\/p>\n","protected":false},"author":2,"featured_media":0,"parent":2075,"menu_order":0,"comment_status":"closed","ping_status":"closed","template":"","meta":{"footnotes":""},"class_list":["post-2134","page","type-page","status-publish","hentry"],"_links":{"self":[{"href":"https:\/\/trauffer-group.ch\/de\/wp-json\/wp\/v2\/pages\/2134","targetHints":{"allow":["GET"]}}],"collection":[{"href":"https:\/\/trauffer-group.ch\/de\/wp-json\/wp\/v2\/pages"}],"about":[{"href":"https:\/\/trauffer-group.ch\/de\/wp-json\/wp\/v2\/types\/page"}],"author":[{"embeddable":true,"href":"https:\/\/trauffer-group.ch\/de\/wp-json\/wp\/v2\/users\/2"}],"replies":[{"embeddable":true,"href":"https:\/\/trauffer-group.ch\/de\/wp-json\/wp\/v2\/comments?post=2134"}],"version-history":[{"count":0,"href":"https:\/\/trauffer-group.ch\/de\/wp-json\/wp\/v2\/pages\/2134\/revisions"}],"up":[{"embeddable":true,"href":"https:\/\/trauffer-group.ch\/de\/wp-json\/wp\/v2\/pages\/2075"}],"wp:attachment":[{"href":"https:\/\/trauffer-group.ch\/de\/wp-json\/wp\/v2\/media?parent=2134"}],"curies":[{"name":"wp","href":"https:\/\/api.w.org\/{rel}","templated":true}]}}