{"id":2079,"date":"2024-04-02T16:17:14","date_gmt":"2024-04-02T14:17:14","guid":{"rendered":"https:\/\/trauffer-group.ch\/?page_id=2079"},"modified":"2025-01-08T12:17:10","modified_gmt":"2025-01-08T11:17:10","slug":"systemloesungen","status":"publish","type":"page","link":"https:\/\/trauffer-group.ch\/de\/systemloesungen\/","title":{"rendered":"Systeml\u00f6sungen"},"content":{"rendered":"\t\t<div data-elementor-type=\"wp-page\" data-elementor-id=\"2079\" class=\"elementor elementor-2079\" data-elementor-post-type=\"page\">\n\t\t\t\t\t\t<section class=\"elementor-section elementor-top-section elementor-element elementor-element-0e27049 elementor-section-height-min-height elementor-section-full_width elementor-section-height-default elementor-section-items-middle\" data-id=\"0e27049\" data-element_type=\"section\" data-e-type=\"section\" data-settings=\"{&quot;background_background&quot;:&quot;classic&quot;}\">\n\t\t\t\t\t\t\t<div class=\"elementor-background-overlay\"><\/div>\n\t\t\t\t\t\t\t<div class=\"elementor-container elementor-column-gap-no\">\n\t\t\t\t\t<div class=\"elementor-column elementor-col-100 elementor-top-column elementor-element elementor-element-35ecfdd\" data-id=\"35ecfdd\" data-element_type=\"column\" data-e-type=\"column\">\n\t\t\t<div class=\"elementor-widget-wrap elementor-element-populated\">\n\t\t\t\t\t\t<section class=\"elementor-section elementor-inner-section elementor-element elementor-element-524fd2d elementor-section-full_width elementor-section-content-bottom elementor-section-height-default elementor-section-height-default\" data-id=\"524fd2d\" data-element_type=\"section\" data-e-type=\"section\">\n\t\t\t\t\t\t<div class=\"elementor-container elementor-column-gap-no\">\n\t\t\t\t\t<div class=\"elementor-column elementor-col-50 elementor-inner-column elementor-element elementor-element-472c264\" data-id=\"472c264\" data-element_type=\"column\" data-e-type=\"column\">\n\t\t\t<div class=\"elementor-widget-wrap\">\n\t\t\t\t\t\t\t<\/div>\n\t\t<\/div>\n\t\t\t\t<div class=\"elementor-column elementor-col-50 elementor-inner-column elementor-element elementor-element-52bdba8\" data-id=\"52bdba8\" data-element_type=\"column\" data-e-type=\"column\" data-settings=\"{&quot;background_background&quot;:&quot;classic&quot;}\">\n\t\t\t<div class=\"elementor-widget-wrap elementor-element-populated\">\n\t\t\t\t<div class=\"elementor-element elementor-element-ee0da17 e-con-full e-flex e-con e-parent\" data-id=\"ee0da17\" data-element_type=\"container\" data-e-type=\"container\">\n\t\t<div class=\"elementor-element elementor-element-436b689 e-con-full e-flex e-con e-child\" data-id=\"436b689\" data-element_type=\"container\" data-e-type=\"container\">\n\t\t\t\t<div class=\"elementor-element elementor-element-c50f208 elementor-widget elementor-widget-heading\" data-id=\"c50f208\" data-element_type=\"widget\" data-e-type=\"widget\" data-widget_type=\"heading.default\">\n\t\t\t\t<div class=\"elementor-widget-container\">\n\t\t\t\t\t<h1 class=\"elementor-heading-title elementor-size-default\">Systeml\u00f6sungen<\/h1>\t\t\t\t<\/div>\n\t\t\t\t<\/div>\n\t\t\t\t<div class=\"elementor-element elementor-element-ca53982 elementor-widget elementor-widget-heading\" data-id=\"ca53982\" data-element_type=\"widget\" data-e-type=\"widget\" data-widget_type=\"heading.default\">\n\t\t\t\t<div class=\"elementor-widget-container\">\n\t\t\t\t\t<h2 class=\"elementor-heading-title elementor-size-default\">Logisch mit uns<\/h2>\t\t\t\t<\/div>\n\t\t\t\t<\/div>\n\t\t\t\t<\/div>\n\t\t<div class=\"elementor-element elementor-element-f4f2b45 e-con-full e-flex e-con e-child\" data-id=\"f4f2b45\" data-element_type=\"container\" data-e-type=\"container\">\n\t\t\t\t<div class=\"elementor-element elementor-element-c130c6e elementor-widget elementor-widget-image\" data-id=\"c130c6e\" data-element_type=\"widget\" data-e-type=\"widget\" data-widget_type=\"image.default\">\n\t\t\t\t<div class=\"elementor-widget-container\">\n\t\t\t\t\t\t\t\t\t\t\t\t\t\t\t<img decoding=\"async\" width=\"228\" height=\"174\" data-src=\"https:\/\/trauffer-group.ch\/wp-content\/uploads\/2024\/05\/systemloesungen.png\" class=\"attachment-large size-large wp-image-2896 lazyload\" alt=\"\" src=\"data:image\/svg+xml;base64,PHN2ZyB3aWR0aD0iMSIgaGVpZ2h0PSIxIiB4bWxucz0iaHR0cDovL3d3dy53My5vcmcvMjAwMC9zdmciPjwvc3ZnPg==\" style=\"--smush-placeholder-width: 228px; --smush-placeholder-aspect-ratio: 228\/174;\" \/>\t\t\t\t\t\t\t\t\t\t\t\t\t\t\t<\/div>\n\t\t\t\t<\/div>\n\t\t\t\t<\/div>\n\t\t\t\t<\/div>\n\t\t\t\t<div class=\"elementor-element elementor-element-0a8c72b elementor-hidden-mobile elementor-widget elementor-widget-text-editor\" data-id=\"0a8c72b\" data-element_type=\"widget\" data-e-type=\"widget\" data-widget_type=\"text-editor.default\">\n\t\t\t\t<div class=\"elementor-widget-container\">\n\t\t\t\t\t\t\t\t\t<p><span style=\"color: #000000;\">Bei den Systeml\u00f6sungen der Trauffer Group AG handelt es sich um Produktangebote, die sich aus verschiedenen Anwendungen zusammensetzen. In den Systeml\u00f6sungen finden Sie besondere Produktkombinationen und L\u00f6sungen aus allen Bereichen unseres Angebots.<\/span><\/p>\n<p><strong>Kostenlose nationale Servicenummer 0800 10 00 10<\/strong><\/p>\t\t\t\t\t\t\t\t<\/div>\n\t\t\t\t<\/div>\n\t\t\t\t\t<\/div>\n\t\t<\/div>\n\t\t\t\t\t<\/div>\n\t\t<\/section>\n\t\t\t\t\t<\/div>\n\t\t<\/div>\n\t\t\t\t\t<\/div>\n\t\t<\/section>\n\t\t\t\t<section class=\"elementor-section elementor-top-section elementor-element elementor-element-0c2067e elementor-section-full_width elementor-section-height-default elementor-section-height-default\" data-id=\"0c2067e\" data-element_type=\"section\" data-e-type=\"section\">\n\t\t\t\t\t\t<div class=\"elementor-container elementor-column-gap-no\">\n\t\t\t\t\t<div class=\"elementor-column elementor-col-100 elementor-top-column elementor-element elementor-element-db9689a\" data-id=\"db9689a\" data-element_type=\"column\" data-e-type=\"column\">\n\t\t\t<div class=\"elementor-widget-wrap elementor-element-populated\">\n\t\t\t\t\t\t<div class=\"elementor-element elementor-element-1a03539 elementor-widget elementor-widget-text-editor\" data-id=\"1a03539\" data-element_type=\"widget\" data-e-type=\"widget\" data-widget_type=\"text-editor.default\">\n\t\t\t\t<div class=\"elementor-widget-container\">\n\t\t\t\t\t\t\t\t\t<p>Das Segment der Systeml\u00f6sungen deckt ein breites Spektrum an Produkten und Anwendungsm\u00f6glichkeiten ab. Hier finden Sie Besonderheiten wie z. B. den\u00a0<a title=\"Fundamentpfahl Ferradix\u00ae\" href=\"https:\/\/trauffer-group.ch\/systemloesungen\/fundamentpfahl-ferradix\/\">\u00abFundamentpfahl Ferradix\u00ae\u00bb<\/a>, der f\u00fcr verschiedene Anforderungen die ideale L\u00f6sung darstellt. Ein Besuch bei den Systeml\u00f6sungen der Trauffer Group AG lohnt sich immer wieder, denn das Produktangebot wird laufend weiter ausgebaut. Und sollten Sie dennoch mal nicht f\u00fcndig werden oder ein Bed\u00fcrfnis haben, das wir mit dem vorhandenen Angebot nicht abdecken, freuen wir uns \u00fcber Ihre\u00a0<a href=\"mailto:info@trauffer-group.ch\" target=\"_blank\" rel=\"noopener\">Kontaktaufnahme<\/a>.<\/p>\t\t\t\t\t\t\t\t<\/div>\n\t\t\t\t<\/div>\n\t\t\t\t<div class=\"elementor-element elementor-element-4e17dd1 elementor-widget elementor-widget-heading\" data-id=\"4e17dd1\" data-element_type=\"widget\" data-e-type=\"widget\" data-widget_type=\"heading.default\">\n\t\t\t\t<div class=\"elementor-widget-container\">\n\t\t\t\t\t<h3 class=\"elementor-heading-title elementor-size-default\">Anwender &amp; Anwendungsm\u00f6glichkeiten\n<\/h3>\t\t\t\t<\/div>\n\t\t\t\t<\/div>\n\t\t\t\t<div class=\"elementor-element elementor-element-9432498 elementor-widget elementor-widget-text-editor\" data-id=\"9432498\" data-element_type=\"widget\" data-e-type=\"widget\" data-widget_type=\"text-editor.default\">\n\t\t\t\t<div class=\"elementor-widget-container\">\n\t\t\t\t\t\t\t\t\t<div class=\"ce_text block\"><p>Die Produktangebote innerhalb der Systeml\u00f6sungen richten sich an jene, die besondere L\u00f6sungen oder Produktkombinationen suchen:<br \/>Bund, Kantone, Gemeinden, St\u00e4dte, private Gesellschaften, Konzerne, KMU-Betriebe, Clubs, Vereine und Privatpersonen.<\/p><div class=\"ce_text block\"><p>Die Anwendungsm\u00f6glichkeiten sind produktabh\u00e4ngig und werden beim jeweiligen Produkt ausgewiesen. Gleiches gilt auch f\u00fcr die Referenzobjekte.<\/p><\/div><\/div>\t\t\t\t\t\t\t\t<\/div>\n\t\t\t\t<\/div>\n\t\t\t\t\t<\/div>\n\t\t<\/div>\n\t\t\t\t\t<\/div>\n\t\t<\/section>\n\t\t\t\t<section class=\"elementor-section elementor-top-section elementor-element elementor-element-16c96ee elementor-section-full_width elementor-section-content-middle elementor-section-height-default elementor-section-height-default\" data-id=\"16c96ee\" data-element_type=\"section\" data-e-type=\"section\">\n\t\t\t\t\t\t<div class=\"elementor-container elementor-column-gap-default\">\n\t\t\t\t\t<div class=\"elementor-column elementor-col-50 elementor-top-column elementor-element elementor-element-b5f6dd1\" data-id=\"b5f6dd1\" data-element_type=\"column\" data-e-type=\"column\" data-settings=\"{&quot;background_background&quot;:&quot;classic&quot;}\">\n\t\t\t<div class=\"elementor-widget-wrap elementor-element-populated\">\n\t\t\t\t\t\t<section class=\"elementor-section elementor-inner-section elementor-element elementor-element-789207b elementor-section-boxed elementor-section-height-default elementor-section-height-default\" data-id=\"789207b\" data-element_type=\"section\" data-e-type=\"section\">\n\t\t\t\t\t\t<div class=\"elementor-container elementor-column-gap-default\">\n\t\t\t\t\t<div class=\"elementor-column elementor-col-100 elementor-inner-column elementor-element elementor-element-8d9e728\" data-id=\"8d9e728\" data-element_type=\"column\" data-e-type=\"column\" data-settings=\"{&quot;background_background&quot;:&quot;classic&quot;}\">\n\t\t\t<div class=\"elementor-widget-wrap elementor-element-populated\">\n\t\t\t\t\t\t<div class=\"elementor-element elementor-element-d60dce4 elementor-widget elementor-widget-heading\" data-id=\"d60dce4\" data-element_type=\"widget\" data-e-type=\"widget\" data-widget_type=\"heading.default\">\n\t\t\t\t<div class=\"elementor-widget-container\">\n\t\t\t\t\t<h2 class=\"elementor-heading-title elementor-size-default\">Speeddisplay<\/h2>\t\t\t\t<\/div>\n\t\t\t\t<\/div>\n\t\t\t\t<div class=\"elementor-element elementor-element-fd5da94 elementor-widget elementor-widget-text-editor\" data-id=\"fd5da94\" data-element_type=\"widget\" data-e-type=\"widget\" data-widget_type=\"text-editor.default\">\n\t\t\t\t<div class=\"elementor-widget-container\">\n\t\t\t\t\t\t\t\t\t<p>Wir alle kennen sie, die Hinweistafeln am Strassenrand, die uns anzeigen, wie schnell wir fahren. Oder die Ger\u00e4te zur Verkehrsz\u00e4hlung, die Verkehrsplanern n\u00fctzliche Informationen \u00fcber Stosszeiten und Fahrzeugaufkommen liefern \u2026<\/p><p>Geschwindigkeitsanzeigetafeln von Labtec SAFETY lassen sich ganz einfach f\u00fcr die unterschiedlichsten Anwendungen modifizieren \u2013 Sonderanfertigungen, die individuell f\u00fcr Ihren spezifischen Einsatzbereich optimiert sind, k\u00f6nnen wir ohne grossen Aufwand realisieren. Ob Sie kleinere Ausf\u00fchrungen f\u00fcr den innerst\u00e4dtischen Verkehr nutzen oder mit grossen L\u00f6sungen auch bei hohen Geschwindigkeiten die optimale Sichtbarkeit gew\u00e4hrleisten wollen \u2013 Labtec SAFETY liefert Systeme, die mit Effektivit\u00e4t und Effizienz gleichermassen \u00fcberzeugen. Ihr Vorteil: Produkte von Labtec SAFETY werden auf Basis langj\u00e4hriger Praxiserfahrungen entwickelt. Sie profitieren von durchdachten und flexiblen L\u00f6sungen in bester Qualit\u00e4t \u2013 mit hochpr\u00e4ziser Technik in robusten Geh\u00e4usen, die allen Wettersituationen gewachsen sind.<\/p>\t\t\t\t\t\t\t\t<\/div>\n\t\t\t\t<\/div>\n\t\t\t\t<div class=\"elementor-element elementor-element-799fc12 elementor-align-center elementor-widget elementor-widget-button\" data-id=\"799fc12\" data-element_type=\"widget\" data-e-type=\"widget\" data-widget_type=\"button.default\">\n\t\t\t\t<div class=\"elementor-widget-container\">\n\t\t\t\t\t\t\t\t\t<div class=\"elementor-button-wrapper\">\n\t\t\t\t\t<a class=\"elementor-button elementor-button-link elementor-size-sm\" href=\"https:\/\/trauffer-group.ch\/wp-content\/uploads\/2024\/04\/Speeddisplay_Flyer_TRAUFFER_Einzelseiten.pdf\" target=\"_blank\">\n\t\t\t\t\t\t<span class=\"elementor-button-content-wrapper\">\n\t\t\t\t\t\t\t\t\t<span class=\"elementor-button-text\">Speeddisplay Flyer<\/span>\n\t\t\t\t\t<\/span>\n\t\t\t\t\t<\/a>\n\t\t\t\t<\/div>\n\t\t\t\t\t\t\t\t<\/div>\n\t\t\t\t<\/div>\n\t\t\t\t\t<\/div>\n\t\t<\/div>\n\t\t\t\t\t<\/div>\n\t\t<\/section>\n\t\t\t\t\t<\/div>\n\t\t<\/div>\n\t\t\t\t<div class=\"elementor-column elementor-col-50 elementor-top-column elementor-element elementor-element-5577f9a\" data-id=\"5577f9a\" data-element_type=\"column\" data-e-type=\"column\" data-settings=\"{&quot;background_background&quot;:&quot;classic&quot;}\">\n\t\t\t<div class=\"elementor-widget-wrap elementor-element-populated\">\n\t\t\t\t\t\t<div class=\"elementor-element elementor-element-158b2b2 elementor-widget elementor-widget-spacer\" data-id=\"158b2b2\" data-element_type=\"widget\" data-e-type=\"widget\" data-widget_type=\"spacer.default\">\n\t\t\t\t<div class=\"elementor-widget-container\">\n\t\t\t\t\t\t\t<div class=\"elementor-spacer\">\n\t\t\t<div class=\"elementor-spacer-inner\"><\/div>\n\t\t<\/div>\n\t\t\t\t\t\t<\/div>\n\t\t\t\t<\/div>\n\t\t\t\t\t<\/div>\n\t\t<\/div>\n\t\t\t\t\t<\/div>\n\t\t<\/section>\n\t\t\t\t<section class=\"elementor-section elementor-top-section elementor-element elementor-element-6affaad elementor-section-full_width elementor-section-height-default elementor-section-height-default\" data-id=\"6affaad\" data-element_type=\"section\" data-e-type=\"section\">\n\t\t\t\t\t\t<div class=\"elementor-container elementor-column-gap-no\">\n\t\t\t\t\t<div class=\"elementor-column elementor-col-100 elementor-top-column elementor-element elementor-element-0b4ea34\" data-id=\"0b4ea34\" data-element_type=\"column\" data-e-type=\"column\">\n\t\t\t<div class=\"elementor-widget-wrap elementor-element-populated\">\n\t\t\t\t\t\t<div class=\"elementor-element elementor-element-7c856a3 elementor-widget elementor-widget-heading\" data-id=\"7c856a3\" data-element_type=\"widget\" data-e-type=\"widget\" data-widget_type=\"heading.default\">\n\t\t\t\t<div class=\"elementor-widget-container\">\n\t\t\t\t\t<h2 class=\"elementor-heading-title elementor-size-default\">Noch Fragen?<\/h2>\t\t\t\t<\/div>\n\t\t\t\t<\/div>\n\t\t\t\t<div class=\"elementor-element elementor-element-7f173e1 elementor-widget elementor-widget-text-editor\" data-id=\"7f173e1\" data-element_type=\"widget\" data-e-type=\"widget\" data-widget_type=\"text-editor.default\">\n\t\t\t\t<div class=\"elementor-widget-container\">\n\t\t\t\t\t\t\t\t\t<p>Sch\u00f6n, dass wir Ihr Interesse geweckt haben. Unser kompetentes Team hilft Ihnen gerne weiter. Gerne stehen wir Ihnen mit Rat und Tat zur Seite. Sie k\u00f6nnen uns \u00fcber die kostenlose nationale Servicenummer <a href=\"tel:0800 10 00 10\">0800 10 00 10<\/a> oder per E-Mail auf <a href=\"mailto:info@trauffer-group.ch\">info@trauffer-group.ch<\/a> kontaktieren.<\/p>\t\t\t\t\t\t\t\t<\/div>\n\t\t\t\t<\/div>\n\t\t\t\t<div class=\"elementor-element elementor-element-487c529 elementor-align-center elementor-widget elementor-widget-button\" data-id=\"487c529\" data-element_type=\"widget\" data-e-type=\"widget\" data-widget_type=\"button.default\">\n\t\t\t\t<div class=\"elementor-widget-container\">\n\t\t\t\t\t\t\t\t\t<div class=\"elementor-button-wrapper\">\n\t\t\t\t\t<a class=\"elementor-button elementor-button-link elementor-size-sm\" href=\"https:\/\/trauffer-group.ch\/kontakt\/\">\n\t\t\t\t\t\t<span class=\"elementor-button-content-wrapper\">\n\t\t\t\t\t\t\t\t\t<span class=\"elementor-button-text\">Kontaktieren Sie uns<\/span>\n\t\t\t\t\t<\/span>\n\t\t\t\t\t<\/a>\n\t\t\t\t<\/div>\n\t\t\t\t\t\t\t\t<\/div>\n\t\t\t\t<\/div>\n\t\t\t\t\t<\/div>\n\t\t<\/div>\n\t\t\t\t\t<\/div>\n\t\t<\/section>\n\t\t\t\t<\/div>\n\t\t","protected":false},"excerpt":{"rendered":"<p>Systeml\u00f6sungen Logisch mit uns Bei den Systeml\u00f6sungen der Trauffer Group AG handelt es sich um Produktangebote, die sich aus verschiedenen Anwendungen zusammensetzen. In den Systeml\u00f6sungen finden Sie besondere Produktkombinationen und L\u00f6sungen aus allen Bereichen unseres Angebots. Kostenlose nationale Servicenummer 0800 10 00 10 Das Segment der Systeml\u00f6sungen deckt ein breites Spektrum an Produkten und Anwendungsm\u00f6glichkeiten [&hellip;]<\/p>\n","protected":false},"author":2,"featured_media":0,"parent":0,"menu_order":0,"comment_status":"closed","ping_status":"closed","template":"","meta":{"footnotes":""},"class_list":["post-2079","page","type-page","status-publish","hentry"],"_links":{"self":[{"href":"https:\/\/trauffer-group.ch\/de\/wp-json\/wp\/v2\/pages\/2079","targetHints":{"allow":["GET"]}}],"collection":[{"href":"https:\/\/trauffer-group.ch\/de\/wp-json\/wp\/v2\/pages"}],"about":[{"href":"https:\/\/trauffer-group.ch\/de\/wp-json\/wp\/v2\/types\/page"}],"author":[{"embeddable":true,"href":"https:\/\/trauffer-group.ch\/de\/wp-json\/wp\/v2\/users\/2"}],"replies":[{"embeddable":true,"href":"https:\/\/trauffer-group.ch\/de\/wp-json\/wp\/v2\/comments?post=2079"}],"version-history":[{"count":0,"href":"https:\/\/trauffer-group.ch\/de\/wp-json\/wp\/v2\/pages\/2079\/revisions"}],"wp:attachment":[{"href":"https:\/\/trauffer-group.ch\/de\/wp-json\/wp\/v2\/media?parent=2079"}],"curies":[{"name":"wp","href":"https:\/\/api.w.org\/{rel}","templated":true}]}}